{"id":229,"date":"2018-10-19T10:31:37","date_gmt":"2018-10-19T08:31:37","guid":{"rendered":"https:\/\/www.memsys.it\/mailing\/?page_id=229"},"modified":"2018-10-19T11:14:13","modified_gmt":"2018-10-19T09:14:13","slug":"informativa-privacy-privacy-policy","status":"publish","type":"page","link":"https:\/\/www.memsys.it\/mailing\/informativa-privacy-privacy-policy\/","title":{"rendered":"Informativa Privacy &#8211; Privacy policy"},"content":{"rendered":"<h4 style=\"text-align: justify;\">Art.13 del Regolamento Generale UE sulla protezione dei dati personali n.679\/2016<\/h4>\n<p style=\"text-align: justify;\">Memory System, titolare del trattamento dei dati personali ai sensi del Regolamento UE 2016\/679 del 27 aprile 2016 relativo alla protezione delle persone fisiche con riguardo al trattamento dei dati personali, informa che proceder\u00e0 al trattamento dei dati personali riferiti alle persone fisiche per le finalit\u00e0 e con le modalit\u00e0 indicate.<\/p>\n<p style=\"text-align: justify;\">Per trattamento di dati personali si intende qualsiasi operazione o insieme di operazioni, compiute con o senza l&#8217;ausilio di processi automatizzati e applicate a dati personali o insiemi di dati personali, anche se non registrati in una banca dati, come la raccolta, la registrazione, l&#8217;organizzazione, la conservazione, l&#8217;elaborazione, la selezione, il blocco, l&#8217;adattamento o la modifica, l&#8217;estrazione, la consultazione, l&#8217;uso, la comunicazione mediante trasmissione, la diffusione o qualsiasi altra forma di messa a disposizione, la limitazione, la cancellazione o la distruzione.<\/p>\n<p style=\"text-align: justify;\">Il trattamento verr\u00e0 svolto in via manuale (es. raccolta moduli cartacei) e in via elettronica o comunque con l&#8217;ausilio di strumenti informatizzati o automatizzati.<\/p>\n<p style=\"text-align: justify;\">Forniamo quindi le seguenti informazioni.<\/p>\n<h4 style=\"text-align: justify;\">A) Dati personali oggetto del trattamento<\/h4>\n<p style=\"text-align: justify;\">Memory System con sede in Via Adige 9\/a \u2013 42124 Reggio Emilia, opera come Titolare del trattamento ed e&#8217; contattabile attraverso il <a href=\"https:\/\/www.memsys.it\/memsys\/contatti\/\">modulo di contatto<\/a> e raccoglie e\/o riceve le informazioni che riguardano il trattamento dei dati dell&#8217;interessato.<\/p>\n<table width=\"100%\">\n<tbody>\n<tr>\n<td><strong>Categoria di dato<\/strong><\/td>\n<td><strong>Dati trattati<\/strong><\/td>\n<\/tr>\n<tr>\n<td style=\"width: 40%; vertical-align: top;\">Gestione della clientela<\/td>\n<td style=\"width: 60%; vertical-align: top;\">\n<ul>\n<li>Nome e cognome<\/li>\n<li>Codice fiscale ed altri numeri di identificazione personale<\/li>\n<li>Mansione\/ruolo aziendale<\/li>\n<li>Indirizzo email<\/li>\n<li>Dati di contatto (numero di telefono fisso, mobile, fax)<\/li>\n<\/ul>\n<\/td>\n<\/tr>\n<\/tbody>\n<\/table>\n<h4 style=\"text-align: justify;\">B) Finalita&#8217; primarie del trattamento (art.13 comma 1 GDPR)<\/h4>\n<p style=\"text-align: justify;\">I dati servono al Titolare per dar seguito alla richiesta di iscrizione anagrafica ed al contratto di fornitura del Servizio prescelto, gestire ed eseguire le richieste di contatto inoltrate dall\u2019Interessato, fornire assistenza, adempiere agli obblighi di legge e regolamentari cui il Titolare \u00e8 tenuto in funzione dell\u2019attivit\u00e0 esercitata. In nessun caso Memory System rivende i dati personali dell\u2019Interessato a terzi n\u00e9 li utilizza per finalit\u00e0 non dichiarate.<br \/>\nIn particolare i dati dell\u2019Interessato saranno trattati per:<br \/>\na) Contatto commerciale e mailing list;<br \/>\nb) Espletamento di tutte le pratiche previste dalle normative vigenti in materia di Sicurezza sul Lavoro, Privacy e Ambiente;<br \/>\nc ) Adempimento degli obblighi legali e contrattuali;<br \/>\nd) Esigenze di tipo operativo o gestionale e adempimento di ogni altro obbligo derivante dal contratto.<\/p>\n<h4 style=\"text-align: justify;\">C) Comunicazione e diffusione dei dati personali per il perseguimento delle finalit\u00e0 primarie del trattamento<\/h4>\n<p style=\"text-align: justify;\">La comunicazione dei dati personali dell&#8217;Interessato avviene principalmente nei confronti di terzi e\/o destinatari la cui attivit\u00e0 e&#8217; necessaria per l&#8217;espletamento delle attivit\u00e0 inerenti al rapporto di lavoro instaurato e per rispondere a determinati obblighi di legge, quali:<\/p>\n<table width=\"100%\">\n<tbody>\n<tr>\n<td style=\"width: 40%; vertical-align: top;\"><strong>Categoria di destinatari*<\/strong><\/td>\n<td style=\"width: 60%; vertical-align: top;\"><strong>Finalit\u00e0<\/strong><\/td>\n<\/tr>\n<tr>\n<td style=\"vertical-align: top;\">Collaboratori interni ed esterni<\/td>\n<td style=\"vertical-align: top;\">Adempimenti amministrativi, contabili e connessi alla prestazione contrattuale<\/td>\n<\/tr>\n<\/tbody>\n<\/table>\n<p style=\"text-align: justify;\"><span style=\"font-size: 8pt;\">* Il Titolare impone a tutti i suddetti soggetti ed ai Responsabili del trattamento il rispetto di misure di sicurezza eguali a quelle da egli adottate per il trattamento dei dati dell\u2019Interessato; il perimetro di azione del Responsabile \u00e8 comunque ristretto ai trattamenti connessi alla prestazione richiesta.<\/span><\/p>\n<p style=\"text-align: justify;\">Il Titolare non trasferisce i dati personali dell\u2019interessato in paesi nei quali non \u00e8 applicato il GDPR (paesi extra UE) salvo specifiche indicazioni contrarie per le quali egli verr\u00e0 preventivamente informato e se necessario verr\u00e0 richiesto il suo consenso.<\/p>\n<p style=\"text-align: justify;\">Base giuridica di tali trattamenti \u00e8 l\u2019adempimento delle prestazioni inerenti al rapporto instaurato, il rispetto di obblighi di legge ed il legittimo interesse di Memory System ad effettuare trattamenti necessari a tali finalit\u00e0.<\/p>\n<h4 style=\"text-align: justify;\">D) Facoltativit\u00e0 od obbligatoriet\u00e0 del consenso<\/h4>\n<p style=\"text-align: justify;\">In tutti i casi illustrati ai Paragrafi B e C (per le ipotesi di comunicazione a terzi) Memory System non ha l&#8217;obbligo di acquisire lo specifico consenso al trattamento dei dati.<\/p>\n<p style=\"text-align: justify;\">Tutti i trattamenti sopra illustrati perseguono infatti finalit\u00e0 primarie per le quali l&#8217;articolo 24 del Codice della privacy e l&#8217;art.6, comma 1, lettere b) c) e) ed f) del Regolamento escludono la necessita&#8217; di acquisire un consenso specifico, vuoi perch\u00e9 il trattamento e&#8217; necessario per adempiere ad un obbligo previsto dalla legge, oppure perch\u00e9 il trattamento e&#8217; necessario per eseguire obblighi derivanti dal rapporto di lavoro instaurato.<\/p>\n<p style=\"text-align: justify;\">Laddove la persona fisica non intendesse conferire comunque i dati personali richiesti e necessari in base a quanto precede, la conseguenza sarebbe quella della impossibilita&#8217; di procedere alla gestione del contratto di lavoro.<\/p>\n<h4 style=\"text-align: justify;\">E) Tempi di conservazione dei dati e altre informazioni (art.13 comma 2 lett.a) GDPR)<\/h4>\n<p style=\"text-align: justify;\">I dati personali dell&#8217;Interessato saranno conservati fino a che saranno necessari rispetto alle legittime finalit\u00e0 per le quali sono stati raccolti, a meno che la persona fisica non esprima esplicitamente la propria volont\u00e0 di rimuoverli.<\/p>\n<h4 style=\"text-align: justify;\">F) Esercizio dei diritti da parte dell&#8217;Interessato (art.15 \u2013 20 GDPR)<\/h4>\n<p style=\"text-align: justify;\">L&#8217;interessato ha il diritto di ottenere dal titolare del trattamento quanto segue:<br \/>\na) la conferma che sia o meno in corso un trattamento di dati personali che lo riguardano e in tal caso, di ottenere l&#8217;accesso ai dati personali e alle seguenti informazioni:<\/p>\n<ol>\n<li>le finalit\u00e0 del trattamento;<\/li>\n<li>le categorie di dati personali in questione;<\/li>\n<li>i destinatari o le categorie di destinatari a cui i dati personali sono stati o saranno comunicati, in particolare se destinatari di paesi terzi o organizzazioni internazionali;<\/li>\n<li>quando possibile, il periodo di conservazione dei dati personali previsto oppure, se non \u00e8 possibile, i criteri utilizzati per determinare tale periodo;<\/li>\n<li>l&#8217;esistenza del diritto dell&#8217;interessato di chiedere al titolare del trattamento la rettifica o la cancellazione dei dati personali o la limitazione del trattamento dei dati personali che lo riguardano o di opporsi al loro trattamento;<\/li>\n<li>il diritto di proporre reclamo a un&#8217;autorit\u00e0 di controllo;<\/li>\n<li>qualora i dati non siano raccolti presso l&#8217;interessato, tutte le informazioni disponibili sulla loro origine;<\/li>\n<li>l&#8217;esistenza di un processo decisionale automatizzato, compresa la profilazione e, almeno in tali casi, informazioni significative sulla logica utilizzata, nonch\u00e9 l&#8217;importanza e le conseguenze previste di tale trattamento per l&#8217;interessato;<\/li>\n<li>le garanzie adeguate che fornisce il Paese terzo (extra UE) o un\u2019organizzazione internazionale a protezione dei dati eventualmente trasferiti.<\/li>\n<\/ol>\n<p style=\"text-align: justify;\">b) il diritto di ottenere una copia dei dati personali oggetto di trattamento, semprech\u00e9 tale diritto non leda i diritti e le libert\u00e0 altrui; In caso di ulteriori copie richieste dall&#8217;interessato, il titolare del trattamento pu\u00f2 addebitare un contributo spese ragionevole basato sui costi amministrativi.<\/p>\n<p style=\"text-align: justify;\">c) il diritto di ottenere dal titolare del trattamento la rettifica dei dati personali inesatti che lo riguardano senza ingiustificato ritardo;<\/p>\n<p style=\"text-align: justify;\">d) il diritto di ottenere dal titolare del trattamento la cancellazione dei dati personali che lo riguardano senza ingiustificato ritardo, se sussistono i motivi previsti dal GDPR all\u2019art. 17, tra i quali, ad esempio, nel caso in cui non siano pi\u00f9 necessari per le fnalit\u00e0 del trattamento o se questo si assuma come illecito, e sempre se ne sussistano le condizioni previste per legge; e comunque se il trattamento non sia giustificato da un altro motivo ugualmente legittimo;<\/p>\n<p style=\"text-align: justify;\">e) il diritto di ottenere dal titolare del trattamento la limitazione del trattamento, nelle casistiche previste dall\u2019art.18 del GDPR, ad esempio laddove tu ne abbia contestato l\u2019esattezza, per il periodo necessario al Titolare per verificarne l\u2019accuratezza. L\u2019Interessato deve essere informato, in tempi congrui, anche di quando il periodo di sospensione si sia compiuto o la causa della limitazione del trattamento sia venuta meno, e quindi la limitazione stessa revocata;<\/p>\n<p style=\"text-align: justify;\">f) il diritto di ottenere comunicazione dal titolare dei destinatari cui sono stati trasmesse le richieste di eventuale rettifiche o cancellazioni o limitazioni del trattamento effettuate, salvo che ci\u00f2 si riveli impossibile o implichi uno sforzo sproporzionato;<\/p>\n<p style=\"text-align: justify;\">g) il diritto di ricevere in un formato strutturato, di uso comune e leggibile da dispositivo automatico i dati personali che lo riguardano e il diritto di trasmettere tali dati a un altro titolare del trattamento senza impedimenti da parte del titolare del trattamento cui li ha forniti, nei casi previsti dall\u2019art. 20 del GDPR, e il diritto di ottenere la trasmissione diretta dei dati personali da un titolare del trattamento all&#8217;altro, se tecnicamente fattibile;<\/p>\n<p style=\"text-align: justify;\">Secondo le norme del Codice e del Regolamento, i trattamenti effettuati dalla Memory System, saranno improntati ai principi di correttezza, liceit\u00e0 e trasparenza e di tutela della riservatezza.<\/p>\n<h4 style=\"text-align: justify;\">G) Cookie, informazioni generali e gestione<\/h4>\n<p style=\"text-align: justify;\">I cookie sono dati che vengono inviati dal sito web e memorizzati dal browser internet nel computer o in altro dispositivo (ad esempio, tablet o cellulare) dell\u2019utente. Potranno essere installati, dal nostro sito internet o dai relativi sotto-domini, cookie tecnici e cookie di terze parti.<br \/>\nAd ogni modo, l\u2019utente potr\u00e0 gestire, ovvero richiedere la disattivazione generale o la cancellazione dei cookie, modificando le impostazioni del proprio browser internet. Tale disattivazione, per\u00f2, potr\u00e0 rallentare o impedire l&#8217;accesso ad alcune parti del sito.<br \/>\nLe impostazioni per gestire o disattivare i cookie possono variare a seconda del browser internet utilizzato, pertanto, per avere maggiori informazioni sulle modalit\u00e0 con le quali compiere tali operazioni, suggeriamo all\u2019Utente di consultare il manuale del proprio dispositivo o la funzione \u201cAiuto\u201d o \u201cHelp\u201d del proprio browser internet.<\/p>\n<p style=\"text-align: justify;\">Possono essere installati da parte del\/dei Titolare\/i, mediante software di c.d. web analytics, cookie di profilazione, i quali sono utilizzati per predisporre report di analisi dettagliati e in tempo reale relativi ad informazioni su: visitatori di un sito web, motori di ricerca di provenienza, parole chiave utilizzate, lingua di utilizzo, pagine pi\u00f9 visitate.<br \/>\nGli stessi possono raccogliere informazioni e dati quali indirizzo IP, nazionalit\u00e0, citt\u00e0, data\/ orario, dispositivo, browser, sistema operativo, risoluzione dello<br \/>\nschermo, provenienza di navigazione, pagine visitate e numero di pagine, durata della visita, numero di visite effettuate.<\/p>\n","protected":false},"excerpt":{"rendered":"<p>Art.13 del Regolamento Generale UE sulla protezione dei dati personali n.679\/2016 Memory System, titolare del trattamento dei dati personali ai sensi del Regolamento UE 2016\/679 del 27 aprile 2016 relativo alla protezione delle persone fisiche con riguardo al trattamento dei dati personali, informa che proceder\u00e0 al trattamento dei dati personali riferiti alle persone fisiche per &hellip; <\/p>\n<p class=\"link-more\"><a href=\"https:\/\/www.memsys.it\/mailing\/informativa-privacy-privacy-policy\/\" class=\"more-link\">Leggi tutto<span class=\"screen-reader-text\"> &#8220;Informativa Privacy &#8211; Privacy policy&#8221;<\/span><\/a><\/p>\n","protected":false},"author":1,"featured_media":0,"parent":0,"menu_order":0,"comment_status":"closed","ping_status":"closed","template":"","meta":[],"yoast_head":"<!-- This site is optimized with the Yoast SEO plugin v16.2 - https:\/\/yoast.com\/wordpress\/plugins\/seo\/ -->\r\n<title>Informativa Privacy - Privacy policy - MEMORY SYSTEM | News %<\/title>\r\n<meta name=\"description\" content=\"%\" \/>\r\n<meta name=\"robots\" content=\"noindex, nofollow\" \/>\r\n<meta property=\"og:locale\" content=\"it_IT\" \/>\r\n<meta property=\"og:type\" content=\"article\" \/>\r\n<meta property=\"og:title\" content=\"Informativa Privacy - Privacy policy - MEMORY SYSTEM | News %\" \/>\r\n<meta property=\"og:description\" content=\"%\" \/>\r\n<meta property=\"og:url\" content=\"https:\/\/www.memsys.it\/mailing\/informativa-privacy-privacy-policy\/\" \/>\r\n<meta property=\"og:site_name\" content=\"MEMORY SYSTEM | News\" \/>\r\n<meta property=\"article:publisher\" content=\"https:\/\/www.facebook.com\/Memory-System-2025922064298104\/\" \/>\r\n<meta property=\"article:modified_time\" content=\"2018-10-19T09:14:13+00:00\" \/>\r\n<meta name=\"twitter:card\" content=\"summary_large_image\" \/>\r\n<meta name=\"twitter:label1\" content=\"Tempo di lettura stimato\">\n\t<meta name=\"twitter:data1\" content=\"8 minuti\">\r\n<script type=\"application\/ld+json\" class=\"yoast-schema-graph\">{\"@context\":\"https:\/\/schema.org\",\"@graph\":[{\"@type\":\"WebSite\",\"@id\":\"https:\/\/www.memsys.it\/mailing\/#website\",\"url\":\"https:\/\/www.memsys.it\/mailing\/\",\"name\":\"MEMORY SYSTEM | News\",\"description\":\"Aggiornamenti sui nostri servizi\",\"potentialAction\":[{\"@type\":\"SearchAction\",\"target\":\"https:\/\/www.memsys.it\/mailing\/?s={search_term_string}\",\"query-input\":\"required name=search_term_string\"}],\"inLanguage\":\"it-IT\"},{\"@type\":\"WebPage\",\"@id\":\"https:\/\/www.memsys.it\/mailing\/informativa-privacy-privacy-policy\/#webpage\",\"url\":\"https:\/\/www.memsys.it\/mailing\/informativa-privacy-privacy-policy\/\",\"name\":\"Informativa Privacy - Privacy policy - MEMORY SYSTEM | News %\",\"isPartOf\":{\"@id\":\"https:\/\/www.memsys.it\/mailing\/#website\"},\"datePublished\":\"2018-10-19T08:31:37+00:00\",\"dateModified\":\"2018-10-19T09:14:13+00:00\",\"description\":\"%\",\"breadcrumb\":{\"@id\":\"https:\/\/www.memsys.it\/mailing\/informativa-privacy-privacy-policy\/#breadcrumb\"},\"inLanguage\":\"it-IT\",\"potentialAction\":[{\"@type\":\"ReadAction\",\"target\":[\"https:\/\/www.memsys.it\/mailing\/informativa-privacy-privacy-policy\/\"]}]},{\"@type\":\"BreadcrumbList\",\"@id\":\"https:\/\/www.memsys.it\/mailing\/informativa-privacy-privacy-policy\/#breadcrumb\",\"itemListElement\":[{\"@type\":\"ListItem\",\"position\":1,\"item\":{\"@type\":\"WebPage\",\"@id\":\"https:\/\/www.memsys.it\/mailing\/\",\"url\":\"https:\/\/www.memsys.it\/mailing\/\",\"name\":\"Home\"}},{\"@type\":\"ListItem\",\"position\":2,\"item\":{\"@id\":\"https:\/\/www.memsys.it\/mailing\/informativa-privacy-privacy-policy\/#webpage\"}}]}]}<\/script>\r\n<!-- \/ Yoast SEO plugin. -->","_links":{"self":[{"href":"https:\/\/www.memsys.it\/mailing\/wp-json\/wp\/v2\/pages\/229"}],"collection":[{"href":"https:\/\/www.memsys.it\/mailing\/wp-json\/wp\/v2\/pages"}],"about":[{"href":"https:\/\/www.memsys.it\/mailing\/wp-json\/wp\/v2\/types\/page"}],"author":[{"embeddable":true,"href":"https:\/\/www.memsys.it\/mailing\/wp-json\/wp\/v2\/users\/1"}],"replies":[{"embeddable":true,"href":"https:\/\/www.memsys.it\/mailing\/wp-json\/wp\/v2\/comments?post=229"}],"version-history":[{"count":5,"href":"https:\/\/www.memsys.it\/mailing\/wp-json\/wp\/v2\/pages\/229\/revisions"}],"predecessor-version":[{"id":234,"href":"https:\/\/www.memsys.it\/mailing\/wp-json\/wp\/v2\/pages\/229\/revisions\/234"}],"wp:attachment":[{"href":"https:\/\/www.memsys.it\/mailing\/wp-json\/wp\/v2\/media?parent=229"}],"curies":[{"name":"wp","href":"https:\/\/api.w.org\/{rel}","templated":true}]}}