{"id":287,"date":"2020-04-26T20:06:47","date_gmt":"2020-04-26T18:06:47","guid":{"rendered":"https:\/\/www.memsys.it\/news\/?page_id=287"},"modified":"2020-05-03T00:36:58","modified_gmt":"2020-05-02T22:36:58","slug":"memory-system-news-3","status":"publish","type":"page","link":"https:\/\/www.memsys.it\/news\/fr\/memory-system-news-3\/","title":{"rendered":"Presentation (FR)"},"content":{"rendered":"\n<h3 class=\"wp-block-heading\">Presentation &#8211; MEMORY SYSTEM News<\/h3>\n\n\n\n<p>Cette section du site Internet <a rel=\"noreferrer noopener\" href=\"https:\/\/www.memsys.it\/memsys\/fr\/home-fr\/\" target=\"_blank\">Memory System<\/a> news, a \u00e9t\u00e9 cr\u00e9\u00e9e pour h\u00e9berger toutes les informations et actualit\u00e9s relatives aux activit\u00e9s de la Soci\u00e9t\u00e9.<br>Actif sur le march\u00e9 italien <strong>depuis plus de 30 ans<\/strong>, Memory System a mis son activit\u00e9 sur le service et la r\u00e9paration \u00e9lectroniques.<\/p>\n\n\n\n<div class=\"wp-block-image\"><figure class=\"alignright size-large is-resized\"><img decoding=\"async\" loading=\"lazy\" src=\"https:\/\/www.memsys.it\/news\/wp-content\/uploads\/2020\/05\/Logo-MS-news-2-1024x376.jpg\" alt=\"Home - MEMORY SYSTEM news\" class=\"wp-image-288\" width=\"256\" height=\"94\" srcset=\"https:\/\/www.memsys.it\/news\/wp-content\/uploads\/2020\/05\/Logo-MS-news-2-1024x376.jpg 1024w, https:\/\/www.memsys.it\/news\/wp-content\/uploads\/2020\/05\/Logo-MS-news-2-300x110.jpg 300w, https:\/\/www.memsys.it\/news\/wp-content\/uploads\/2020\/05\/Logo-MS-news-2-768x282.jpg 768w, https:\/\/www.memsys.it\/news\/wp-content\/uploads\/2020\/05\/Logo-MS-news-2-1536x563.jpg 1536w, https:\/\/www.memsys.it\/news\/wp-content\/uploads\/2020\/05\/Logo-MS-news-2.jpg 1772w\" sizes=\"(max-width: 256px) 100vw, 256px\" \/><\/figure><\/div>\n\n\n\n<p>Le service offert par Memory System comprend donc deux secteurs principaux; le secteur industriel et le secteur des technologies de l&#8217;information.<br>Dans le domaine industriel, tout d&#8217;abord, nous parlons g\u00e9n\u00e9ralement de r\u00e9paration d&#8217;instruments \u00e9lectroniques et\/ou d&#8217;\u00e9quipements industriels; dans le domaine informatique, le service concerne donc certains types d&#8217;ordinateurs personnels et p\u00e9riph\u00e9riques <a href=\"https:\/\/www.apple.com\/fr\/\" target=\"_blank\" rel=\"noreferrer noopener\">Apple<\/a>.<\/p>\n\n\n\n<p>Comme vous pouvez le constater, en faisant d\u00e9filer les pages du site officiel, les \u00e9quipements et outils pour lesquels nous proposons notre service sont nombreux.<br>Nous avons inclus des instruments de mesure de pression acoustique, des calibreurs de sonom\u00e8tres, du mat\u00e9riel et des accessoires pour l&#8217;analyse des gaz d&#8217;\u00e9chappement. Il existe \u00e9galement des processeurs Apple qui, bien qu&#8217;ils ne soient plus en production, sont encore utilis\u00e9s par de nombreux professionnels.<br>Il est \u00e9galement possible de trouver du mat\u00e9riel pour les grands \u00e9v\u00e9nements.<\/p>\n\n\n\n<p>Cette section a \u00e9t\u00e9 cr\u00e9\u00e9e pour fournir des d\u00e9tails sur les appareils et instruments suppl\u00e9mentaires sur lesquels nous op\u00e9rons, r\u00e9cemment introduits dans notre portefeuille de services, pour leur donner une visibilit\u00e9 par rapport aux sections classiques du site officiel.<\/p>\n\n\n\n<p>De plus amples d\u00e9tails sont disponibles sur les pages du site web.<\/p>\n\n\n\n<figure class=\"wp-block-audio\"><audio controls src=\"https:\/\/www.memsys.it\/news\/wp-content\/uploads\/2020\/05\/Home-MS-fr.mp3\"><\/audio><\/figure>\n","protected":false},"excerpt":{"rendered":"<p>Presentation &#8211; MEMORY SYSTEM News Cette section du site Internet Memory System news, a \u00e9t\u00e9 cr\u00e9\u00e9e pour h\u00e9berger toutes les informations et actualit\u00e9s relatives aux activit\u00e9s de la Soci\u00e9t\u00e9.Actif sur le march\u00e9 italien depuis plus de 30 ans, Memory System a mis son activit\u00e9 sur le service et la r\u00e9paration \u00e9lectroniques. Le service offert par [&hellip;]<\/p>\n","protected":false},"author":1,"featured_media":276,"parent":0,"menu_order":0,"comment_status":"closed","ping_status":"closed","template":"","meta":[],"yoast_head":"<!-- This site is optimized with the Yoast SEO plugin v16.3 - https:\/\/yoast.com\/wordpress\/plugins\/seo\/ -->\r\n<title>Memory System news - what&#039;s news on - presentation<\/title>\r\n<meta name=\"description\" content=\"MEMORY SYSTEM NEWS: cette section du site Web Memory System a \u00e9t\u00e9 cr\u00e9\u00e9e pour h\u00e9berger toutes les informations et actualit\u00e9s relatives \u00e0 l&#039;entreprise ....\" \/>\r\n<meta name=\"robots\" content=\"index, follow, max-snippet:-1, max-image-preview:large, max-video-preview:-1\" \/>\r\n<link rel=\"canonical\" href=\"https:\/\/www.memsys.it\/news\/fr\/memory-system-news-3\/\" \/>\r\n<meta property=\"og:locale\" content=\"it_IT\" \/>\r\n<meta property=\"og:type\" content=\"article\" \/>\r\n<meta property=\"og:title\" content=\"Memory System news - what&#039;s news on - presentation\" \/>\r\n<meta property=\"og:description\" content=\"MEMORY SYSTEM NEWS: cette section du site Web Memory System a \u00e9t\u00e9 cr\u00e9\u00e9e pour h\u00e9berger toutes les informations et actualit\u00e9s relatives \u00e0 l&#039;entreprise ....\" \/>\r\n<meta property=\"og:url\" content=\"https:\/\/www.memsys.it\/news\/fr\/memory-system-news-3\/\" \/>\r\n<meta property=\"og:site_name\" content=\"Memory System news\" \/>\r\n<meta property=\"article:publisher\" content=\"https:\/\/www.facebook.com\/Memory-System-2025922064298104\/\" \/>\r\n<meta property=\"article:modified_time\" content=\"2020-05-02T22:36:58+00:00\" \/>\r\n<meta property=\"og:image\" content=\"https:\/\/www.memsys.it\/news\/wp-content\/uploads\/2020\/05\/Logo-MS-news.jpg\" \/>\r\n\t<meta property=\"og:image:width\" content=\"1772\" \/>\r\n\t<meta property=\"og:image:height\" content=\"650\" \/>\r\n<meta name=\"twitter:card\" content=\"summary_large_image\" \/>\r\n<meta name=\"twitter:label1\" content=\"Tempo di lettura stimato\">\n\t<meta name=\"twitter:data1\" content=\"1 minuto\">\r\n<script type=\"application\/ld+json\" class=\"yoast-schema-graph\">{\"@context\":\"https:\/\/schema.org\",\"@graph\":[{\"@type\":\"Organization\",\"@id\":\"https:\/\/www.memsys.it\/news\/#organization\",\"name\":\"MEMORY SYSTEM\",\"url\":\"https:\/\/www.memsys.it\/news\/\",\"sameAs\":[\"https:\/\/www.facebook.com\/Memory-System-2025922064298104\/\",\"https:\/\/www.linkedin.com\/company\/memory-system-ita\/\",\"https:\/\/www.youtube.com\/channel\/UCJTNuhlqVtUyelL8MjcXiuA\"],\"logo\":{\"@type\":\"ImageObject\",\"@id\":\"https:\/\/www.memsys.it\/news\/#logo\",\"inLanguage\":\"it-IT\",\"url\":\"https:\/\/www.memsys.it\/news\/wp-content\/uploads\/2020\/04\/Memory_Marchio.png\",\"contentUrl\":\"https:\/\/www.memsys.it\/news\/wp-content\/uploads\/2020\/04\/Memory_Marchio.png\",\"width\":1772,\"height\":522,\"caption\":\"MEMORY SYSTEM\"},\"image\":{\"@id\":\"https:\/\/www.memsys.it\/news\/#logo\"}},{\"@type\":\"WebSite\",\"@id\":\"https:\/\/www.memsys.it\/news\/#website\",\"url\":\"https:\/\/www.memsys.it\/news\/\",\"name\":\"Memory System news\",\"description\":\"the latest news from MS\",\"publisher\":{\"@id\":\"https:\/\/www.memsys.it\/news\/#organization\"},\"potentialAction\":[{\"@type\":\"SearchAction\",\"target\":\"https:\/\/www.memsys.it\/news\/?s={search_term_string}\",\"query-input\":\"required name=search_term_string\"}],\"inLanguage\":\"it-IT\"},{\"@type\":\"ImageObject\",\"@id\":\"https:\/\/www.memsys.it\/news\/fr\/memory-system-news-3\/#primaryimage\",\"inLanguage\":\"it-IT\",\"url\":\"https:\/\/www.memsys.it\/news\/wp-content\/uploads\/2020\/05\/Logo-MS-news.jpg\",\"contentUrl\":\"https:\/\/www.memsys.it\/news\/wp-content\/uploads\/2020\/05\/Logo-MS-news.jpg\",\"width\":1772,\"height\":650,\"caption\":\"Memory System - news\"},{\"@type\":\"WebPage\",\"@id\":\"https:\/\/www.memsys.it\/news\/fr\/memory-system-news-3\/#webpage\",\"url\":\"https:\/\/www.memsys.it\/news\/fr\/memory-system-news-3\/\",\"name\":\"Memory System news - what's news on - presentation\",\"isPartOf\":{\"@id\":\"https:\/\/www.memsys.it\/news\/#website\"},\"primaryImageOfPage\":{\"@id\":\"https:\/\/www.memsys.it\/news\/fr\/memory-system-news-3\/#primaryimage\"},\"datePublished\":\"2020-04-26T18:06:47+00:00\",\"dateModified\":\"2020-05-02T22:36:58+00:00\",\"description\":\"MEMORY SYSTEM NEWS: cette section du site Web Memory System a \\u00e9t\\u00e9 cr\\u00e9\\u00e9e pour h\\u00e9berger toutes les informations et actualit\\u00e9s relatives \\u00e0 l'entreprise ....\",\"breadcrumb\":{\"@id\":\"https:\/\/www.memsys.it\/news\/fr\/memory-system-news-3\/#breadcrumb\"},\"inLanguage\":\"it-IT\",\"potentialAction\":[{\"@type\":\"ReadAction\",\"target\":[\"https:\/\/www.memsys.it\/news\/fr\/memory-system-news-3\/\"]}]},{\"@type\":\"BreadcrumbList\",\"@id\":\"https:\/\/www.memsys.it\/news\/fr\/memory-system-news-3\/#breadcrumb\",\"itemListElement\":[{\"@type\":\"ListItem\",\"position\":1,\"item\":{\"@type\":\"WebPage\",\"@id\":\"https:\/\/www.memsys.it\/news\/\",\"url\":\"https:\/\/www.memsys.it\/news\/\",\"name\":\"Home\"}},{\"@type\":\"ListItem\",\"position\":2,\"item\":{\"@id\":\"https:\/\/www.memsys.it\/news\/fr\/memory-system-news-3\/#webpage\"}}]}]}<\/script>\r\n<!-- \/ Yoast SEO plugin. -->","_links":{"self":[{"href":"https:\/\/www.memsys.it\/news\/wp-json\/wp\/v2\/pages\/287"}],"collection":[{"href":"https:\/\/www.memsys.it\/news\/wp-json\/wp\/v2\/pages"}],"about":[{"href":"https:\/\/www.memsys.it\/news\/wp-json\/wp\/v2\/types\/page"}],"author":[{"embeddable":true,"href":"https:\/\/www.memsys.it\/news\/wp-json\/wp\/v2\/users\/1"}],"replies":[{"embeddable":true,"href":"https:\/\/www.memsys.it\/news\/wp-json\/wp\/v2\/comments?post=287"}],"version-history":[{"count":6,"href":"https:\/\/www.memsys.it\/news\/wp-json\/wp\/v2\/pages\/287\/revisions"}],"predecessor-version":[{"id":427,"href":"https:\/\/www.memsys.it\/news\/wp-json\/wp\/v2\/pages\/287\/revisions\/427"}],"wp:featuredmedia":[{"embeddable":true,"href":"https:\/\/www.memsys.it\/news\/wp-json\/wp\/v2\/media\/276"}],"wp:attachment":[{"href":"https:\/\/www.memsys.it\/news\/wp-json\/wp\/v2\/media?parent=287"}],"curies":[{"name":"wp","href":"https:\/\/api.w.org\/{rel}","templated":true}]}}