{"id":39,"date":"2021-01-01T22:11:52","date_gmt":"2021-01-01T21:11:52","guid":{"rendered":"https:\/\/www.memsys.it\/store\/?post_type=product&#038;p=39"},"modified":"2026-05-11T15:55:40","modified_gmt":"2026-05-11T13:55:40","slug":"filtro-gas-bianco-analizzatore-gas-scarico","status":"publish","type":"product","link":"https:\/\/www.memsys.it\/store\/index.php\/prodotto\/filtro-gas-bianco-analizzatore-gas-scarico\/","title":{"rendered":"Filtro gas bianco (confezione 10 pezzi)"},"content":{"rendered":"<h1><a href=\"https:\/\/www.memsys.it\/store\/index.php\/categoria-prodotto\/analizzatori-gas\/filtri\/\" target=\"_blank\" rel=\"noopener\">Filtro<\/a>\u00a0gas bianco per analizzatore gas di scarico.<\/h1>\n<h4>Ricambi per Centri di Revisione auto &#8211; moto.<\/h4>\n<p>Filtro gas bianco analizzatore gas.<br \/>\nIl separatore condensa, posto tipicamente nella parte posteriore dell&#8217;analizzatore, contiene due differenti tipologie di filtro.<br \/>\nUno di essi \u00e8 appunto il filtro\u00a0 coalescenze, di colore bianco, \u00a0realizzato con lo scopo di intercettare le particelle con dimensione superiore ai 4\u00b5m.<br \/>\nTale filtro \u00e8 presente sugli analizzatori (per motori a benzina) marcati <a href=\"http:\/\/www.corghi.it\/\" target=\"_blank\" rel=\"noopener\">corghi<\/a>, <a href=\"http:\/\/www.tecnomotor.it\/\" target=\"_blank\" rel=\"noopener\">tecnomotor<\/a>, <a href=\"http:\/\/www.simpesfaip.it\/\" target=\"_blank\" rel=\"noopener\">hpa-faip<\/a> di varie generazioni identificato tipicamente con il codice <span class=\"sku\">FILTROGAS-01<\/span>.<br \/>\nIl filtro \u00e8 riconoscibile per la forma cilindrica, con le seguenti dimensioni:<br \/>\n&#8211; diametro esterno 17mm<br \/>\n&#8211; diametro interno 13mm<br \/>\n&#8211; altezza 28mm.<br \/>\nPer ulteriori dettagli, controllare il disegno meccanico.<br \/>\nLa manutenzione ordinaria, suggerisce il controllo periodico e la sostituzione dello stesso almeno ogni 6 mesi; la sostituzione va comunque eseguita ogni volta che il filtro si presenta particolarmente annerito. In merito, ricordiamo che il filtro in questione \u00e8 installato per eseguire il filtraggio dall&#8217;interno verso l&#8217;esterno e quindi la parte che si presenter\u00e0 maggiormente annerita \u00e8 sempre la parte interna.<\/p>\n<h6>Montaggio<\/h6>\n<p>La sostituzione del filtro gas bianco richiede lo smontaggio della relativa tazza (del separatore condensa), facendo attenzione all&#8217;OR di tenuta della tazza stessa. Si procede quindi con la rimozione del filtro svitando la ghiera di fissaggio.<br \/>\nSostituendo il filtro, assicurarsi di posizionare correttamente il due OR di tenuta superiormente ed inferiormente allo stesso.<br \/>\nIn occasione del controllo e della eventuale sostituzione del filtro particolato (gas bianco), \u00e8 sempre opportuno completare il controllo di tutti gli altri filtri dell&#8217;analizzatore. Il controllo dovr\u00e0 quindi riguardare anche il filtro coalescenze (all&#8217;interno del separatore condensa), il filtro a carboni attivi e tutti gli altri filtri presenti a seconda dei modelli di analizzatore.<br \/>\nRicordiamo di effettuare tutte le operazioni di manuntenzione avendo precedentemente spento l&#8217;analizzatore e scollegato lo stesso analizzatore dalla alimentazione elettrica.<\/p>\n<h6>Smaltimento<\/h6>\n<p>Lo smaltimento del filtro usato, deve essere effettuato attenendosi alle disposizioni del comune o della localit\u00e0 in cui ha sede l&#8217;attivit\u00e0.<\/p>\n","protected":false},"excerpt":{"rendered":"<p>E&#8217; il filtro bianco posto all&#8217;interno del separatore di condensa che deve essere sostituito dopo 20\/30 cicli di analisi. In particolare si tratta del filtro che si annerisce nella parte interna, e va sostituito quando la superficie interna non \u00e8 pi\u00f9 bianca.<\/p>\n","protected":false},"featured_media":40,"comment_status":"open","ping_status":"closed","template":"","meta":[],"product_cat":[16,55],"product_tag":[20,21,22,25,28,56,57,58,29,30,31,32,33,34,35,36,38,39,48],"yoast_head":"<!-- This site is optimized with the Yoast SEO plugin v18.3 - https:\/\/yoast.com\/wordpress\/plugins\/seo\/ -->\r\n<title>Filtro gas bianco analizzatore gas di scarico (confezione 10 pezzi)<\/title>\r\n<meta name=\"description\" content=\"Filtro gas bianco analizzatore gas: di colore bianco, \u00a0realizzato con lo scopo di intercettare le particelle con dimensione superiore ai 4\u00b5m.\" \/>\r\n<meta name=\"robots\" content=\"index, follow, max-snippet:-1, max-image-preview:large, max-video-preview:-1\" \/>\r\n<link rel=\"canonical\" href=\"https:\/\/www.memsys.it\/store\/index.php\/prodotto\/filtro-gas-bianco-analizzatore-gas-scarico\/\" \/>\r\n<meta property=\"og:locale\" content=\"it_IT\" \/>\r\n<meta property=\"og:type\" content=\"article\" \/>\r\n<meta property=\"og:title\" content=\"Filtro gas bianco analizzatore gas di scarico (confezione 10 pezzi)\" \/>\r\n<meta property=\"og:description\" content=\"Filtro gas bianco analizzatore gas: di colore bianco, \u00a0realizzato con lo scopo di intercettare le particelle con dimensione superiore ai 4\u00b5m.\" \/>\r\n<meta property=\"og:url\" content=\"https:\/\/www.memsys.it\/store\/index.php\/prodotto\/filtro-gas-bianco-analizzatore-gas-scarico\/\" \/>\r\n<meta property=\"og:site_name\" content=\"MS store\" \/>\r\n<meta property=\"article:publisher\" content=\"https:\/\/www.facebook.com\/Memory-System-2025922064298104\/\" \/>\r\n<meta property=\"article:modified_time\" content=\"2026-05-11T13:55:40+00:00\" \/>\r\n<meta property=\"og:image\" content=\"https:\/\/www.memsys.it\/store\/wp-content\/uploads\/2021\/01\/IMG_20180920_154341-scaled.jpg\" \/>\r\n\t<meta property=\"og:image:width\" content=\"2560\" \/>\r\n\t<meta property=\"og:image:height\" content=\"1920\" \/>\r\n\t<meta property=\"og:image:type\" content=\"image\/jpeg\" \/>\r\n<meta name=\"twitter:card\" content=\"summary_large_image\" \/>\r\n<meta name=\"twitter:label1\" content=\"Tempo di lettura stimato\" \/>\n\t<meta name=\"twitter:data1\" content=\"2 minuti\" \/>\r\n<script type=\"application\/ld+json\" class=\"yoast-schema-graph\">{\"@context\":\"https:\/\/schema.org\",\"@graph\":[{\"@type\":\"Organization\",\"@id\":\"https:\/\/www.memsys.it\/store\/#organization\",\"name\":\"MEMORY SYSTEM\",\"url\":\"https:\/\/www.memsys.it\/store\/\",\"sameAs\":[\"https:\/\/www.facebook.com\/Memory-System-2025922064298104\/\",\"https:\/\/www.linkedin.com\/company\/memory-system-ita\/\",\"https:\/\/www.youtube.com\/channel\/UCJTNuhlqVtUyelL8MjcXiuA\"],\"logo\":{\"@type\":\"ImageObject\",\"@id\":\"https:\/\/www.memsys.it\/store\/#logo\",\"inLanguage\":\"it-IT\",\"url\":\"https:\/\/www.memsys.it\/store\/wp-content\/uploads\/2020\/12\/cropped-Memory_Marchio-1.jpg\",\"contentUrl\":\"https:\/\/www.memsys.it\/store\/wp-content\/uploads\/2020\/12\/cropped-Memory_Marchio-1.jpg\",\"width\":1772,\"height\":522,\"caption\":\"MEMORY SYSTEM\"},\"image\":{\"@id\":\"https:\/\/www.memsys.it\/store\/#logo\"}},{\"@type\":\"WebSite\",\"@id\":\"https:\/\/www.memsys.it\/store\/#website\",\"url\":\"https:\/\/www.memsys.it\/store\/\",\"name\":\"MS store\",\"description\":\"Lo store online di MEMORY SYSTEM\",\"publisher\":{\"@id\":\"https:\/\/www.memsys.it\/store\/#organization\"},\"potentialAction\":[{\"@type\":\"SearchAction\",\"target\":{\"@type\":\"EntryPoint\",\"urlTemplate\":\"https:\/\/www.memsys.it\/store\/?s={search_term_string}\"},\"query-input\":\"required name=search_term_string\"}],\"inLanguage\":\"it-IT\"},{\"@type\":\"ImageObject\",\"@id\":\"https:\/\/www.memsys.it\/store\/index.php\/prodotto\/filtro-gas-bianco-analizzatore-gas-scarico\/#primaryimage\",\"inLanguage\":\"it-IT\",\"url\":\"https:\/\/www.memsys.it\/store\/wp-content\/uploads\/2021\/01\/IMG_20180920_154341-scaled.jpg\",\"contentUrl\":\"https:\/\/www.memsys.it\/store\/wp-content\/uploads\/2021\/01\/IMG_20180920_154341-scaled.jpg\",\"width\":2560,\"height\":1920,\"caption\":\"Filtro gas bianco analizzatore gas\"},{\"@type\":[\"WebPage\",\"ItemPage\"],\"@id\":\"https:\/\/www.memsys.it\/store\/index.php\/prodotto\/filtro-gas-bianco-analizzatore-gas-scarico\/#webpage\",\"url\":\"https:\/\/www.memsys.it\/store\/index.php\/prodotto\/filtro-gas-bianco-analizzatore-gas-scarico\/\",\"name\":\"Filtro gas bianco analizzatore gas di scarico (confezione 10 pezzi)\",\"isPartOf\":{\"@id\":\"https:\/\/www.memsys.it\/store\/#website\"},\"primaryImageOfPage\":{\"@id\":\"https:\/\/www.memsys.it\/store\/index.php\/prodotto\/filtro-gas-bianco-analizzatore-gas-scarico\/#primaryimage\"},\"datePublished\":\"2021-01-01T21:11:52+00:00\",\"dateModified\":\"2026-05-11T13:55:40+00:00\",\"description\":\"Filtro gas bianco analizzatore gas: di colore bianco, \u00a0realizzato con lo scopo di intercettare le particelle con dimensione superiore ai 4\u00b5m.\",\"breadcrumb\":{\"@id\":\"https:\/\/www.memsys.it\/store\/index.php\/prodotto\/filtro-gas-bianco-analizzatore-gas-scarico\/#breadcrumb\"},\"inLanguage\":\"it-IT\",\"potentialAction\":[{\"@type\":\"ReadAction\",\"target\":[\"https:\/\/www.memsys.it\/store\/index.php\/prodotto\/filtro-gas-bianco-analizzatore-gas-scarico\/\"]}]},{\"@type\":\"BreadcrumbList\",\"@id\":\"https:\/\/www.memsys.it\/store\/index.php\/prodotto\/filtro-gas-bianco-analizzatore-gas-scarico\/#breadcrumb\",\"itemListElement\":[{\"@type\":\"ListItem\",\"position\":1,\"name\":\"Home\",\"item\":\"https:\/\/www.memsys.it\/store\/\"},{\"@type\":\"ListItem\",\"position\":2,\"name\":\"PRODOTTI DISPONIBILI\",\"item\":\"https:\/\/www.memsys.it\/store\/index.php\/negozio\/\"},{\"@type\":\"ListItem\",\"position\":3,\"name\":\"Filtro gas bianco (confezione 10 pezzi)\"}]}]}<\/script>\r\n<!-- \/ Yoast SEO plugin. -->","yoast_head_json":{"title":"Filtro gas bianco analizzatore gas di scarico (confezione 10 pezzi)","description":"Filtro gas bianco analizzatore gas: di colore bianco, \u00a0realizzato con lo scopo di intercettare le particelle con dimensione superiore ai 4\u00b5m.","robots":{"index":"index","follow":"follow","max-snippet":"max-snippet:-1","max-image-preview":"max-image-preview:large","max-video-preview":"max-video-preview:-1"},"canonical":"https:\/\/www.memsys.it\/store\/index.php\/prodotto\/filtro-gas-bianco-analizzatore-gas-scarico\/","og_locale":"it_IT","og_type":"article","og_title":"Filtro gas bianco analizzatore gas di scarico (confezione 10 pezzi)","og_description":"Filtro gas bianco analizzatore gas: di colore bianco, \u00a0realizzato con lo scopo di intercettare le particelle con dimensione superiore ai 4\u00b5m.","og_url":"https:\/\/www.memsys.it\/store\/index.php\/prodotto\/filtro-gas-bianco-analizzatore-gas-scarico\/","og_site_name":"MS store","article_publisher":"https:\/\/www.facebook.com\/Memory-System-2025922064298104\/","article_modified_time":"2026-05-11T13:55:40+00:00","og_image":[{"width":2560,"height":1920,"url":"https:\/\/www.memsys.it\/store\/wp-content\/uploads\/2021\/01\/IMG_20180920_154341-scaled.jpg","type":"image\/jpeg"}],"twitter_card":"summary_large_image","twitter_misc":{"Tempo di lettura stimato":"2 minuti"},"schema":{"@context":"https:\/\/schema.org","@graph":[{"@type":"Organization","@id":"https:\/\/www.memsys.it\/store\/#organization","name":"MEMORY SYSTEM","url":"https:\/\/www.memsys.it\/store\/","sameAs":["https:\/\/www.facebook.com\/Memory-System-2025922064298104\/","https:\/\/www.linkedin.com\/company\/memory-system-ita\/","https:\/\/www.youtube.com\/channel\/UCJTNuhlqVtUyelL8MjcXiuA"],"logo":{"@type":"ImageObject","@id":"https:\/\/www.memsys.it\/store\/#logo","inLanguage":"it-IT","url":"https:\/\/www.memsys.it\/store\/wp-content\/uploads\/2020\/12\/cropped-Memory_Marchio-1.jpg","contentUrl":"https:\/\/www.memsys.it\/store\/wp-content\/uploads\/2020\/12\/cropped-Memory_Marchio-1.jpg","width":1772,"height":522,"caption":"MEMORY SYSTEM"},"image":{"@id":"https:\/\/www.memsys.it\/store\/#logo"}},{"@type":"WebSite","@id":"https:\/\/www.memsys.it\/store\/#website","url":"https:\/\/www.memsys.it\/store\/","name":"MS store","description":"Lo store online di MEMORY SYSTEM","publisher":{"@id":"https:\/\/www.memsys.it\/store\/#organization"},"potentialAction":[{"@type":"SearchAction","target":{"@type":"EntryPoint","urlTemplate":"https:\/\/www.memsys.it\/store\/?s={search_term_string}"},"query-input":"required name=search_term_string"}],"inLanguage":"it-IT"},{"@type":"ImageObject","@id":"https:\/\/www.memsys.it\/store\/index.php\/prodotto\/filtro-gas-bianco-analizzatore-gas-scarico\/#primaryimage","inLanguage":"it-IT","url":"https:\/\/www.memsys.it\/store\/wp-content\/uploads\/2021\/01\/IMG_20180920_154341-scaled.jpg","contentUrl":"https:\/\/www.memsys.it\/store\/wp-content\/uploads\/2021\/01\/IMG_20180920_154341-scaled.jpg","width":2560,"height":1920,"caption":"Filtro gas bianco analizzatore gas"},{"@type":["WebPage","ItemPage"],"@id":"https:\/\/www.memsys.it\/store\/index.php\/prodotto\/filtro-gas-bianco-analizzatore-gas-scarico\/#webpage","url":"https:\/\/www.memsys.it\/store\/index.php\/prodotto\/filtro-gas-bianco-analizzatore-gas-scarico\/","name":"Filtro gas bianco analizzatore gas di scarico (confezione 10 pezzi)","isPartOf":{"@id":"https:\/\/www.memsys.it\/store\/#website"},"primaryImageOfPage":{"@id":"https:\/\/www.memsys.it\/store\/index.php\/prodotto\/filtro-gas-bianco-analizzatore-gas-scarico\/#primaryimage"},"datePublished":"2021-01-01T21:11:52+00:00","dateModified":"2026-05-11T13:55:40+00:00","description":"Filtro gas bianco analizzatore gas: di colore bianco, \u00a0realizzato con lo scopo di intercettare le particelle con dimensione superiore ai 4\u00b5m.","breadcrumb":{"@id":"https:\/\/www.memsys.it\/store\/index.php\/prodotto\/filtro-gas-bianco-analizzatore-gas-scarico\/#breadcrumb"},"inLanguage":"it-IT","potentialAction":[{"@type":"ReadAction","target":["https:\/\/www.memsys.it\/store\/index.php\/prodotto\/filtro-gas-bianco-analizzatore-gas-scarico\/"]}]},{"@type":"BreadcrumbList","@id":"https:\/\/www.memsys.it\/store\/index.php\/prodotto\/filtro-gas-bianco-analizzatore-gas-scarico\/#breadcrumb","itemListElement":[{"@type":"ListItem","position":1,"name":"Home","item":"https:\/\/www.memsys.it\/store\/"},{"@type":"ListItem","position":2,"name":"PRODOTTI DISPONIBILI","item":"https:\/\/www.memsys.it\/store\/index.php\/negozio\/"},{"@type":"ListItem","position":3,"name":"Filtro gas bianco (confezione 10 pezzi)"}]}]}},"_links":{"self":[{"href":"https:\/\/www.memsys.it\/store\/index.php\/wp-json\/wp\/v2\/product\/39"}],"collection":[{"href":"https:\/\/www.memsys.it\/store\/index.php\/wp-json\/wp\/v2\/product"}],"about":[{"href":"https:\/\/www.memsys.it\/store\/index.php\/wp-json\/wp\/v2\/types\/product"}],"replies":[{"embeddable":true,"href":"https:\/\/www.memsys.it\/store\/index.php\/wp-json\/wp\/v2\/comments?post=39"}],"wp:featuredmedia":[{"embeddable":true,"href":"https:\/\/www.memsys.it\/store\/index.php\/wp-json\/wp\/v2\/media\/40"}],"wp:attachment":[{"href":"https:\/\/www.memsys.it\/store\/index.php\/wp-json\/wp\/v2\/media?parent=39"}],"wp:term":[{"taxonomy":"product_cat","embeddable":true,"href":"https:\/\/www.memsys.it\/store\/index.php\/wp-json\/wp\/v2\/product_cat?post=39"},{"taxonomy":"product_tag","embeddable":true,"href":"https:\/\/www.memsys.it\/store\/index.php\/wp-json\/wp\/v2\/product_tag?post=39"}],"curies":[{"name":"wp","href":"https:\/\/api.w.org\/{rel}","templated":true}]}}